{"id":1116,"date":"2025-03-13T15:03:30","date_gmt":"2025-03-13T19:03:30","guid":{"rendered":"https:\/\/deluxco.ca\/?page_id=1116"},"modified":"2025-12-09T10:09:45","modified_gmt":"2025-12-09T15:09:45","slug":"property-management-montreal","status":"publish","type":"page","link":"https:\/\/deluxco.ca\/en\/property-management-montreal\/","title":{"rendered":"Property Management Montreal"},"content":{"rendered":"\t\t<div data-elementor-type=\"wp-page\" data-elementor-id=\"1116\" class=\"elementor elementor-1116 elementor-1115\" data-elementor-post-type=\"page\">\n\t\t\t\t<div class=\"elementor-element elementor-element-b89b4ff e-con-full e-flex e-con e-parent\" data-id=\"b89b4ff\" data-element_type=\"container\" data-e-type=\"container\">\n\t\t\t\t<div class=\"elementor-element elementor-element-f3beaef elementor--h-position-center elementor--v-position-middle elementor-arrows-position-inside elementor-widget elementor-widget-slides\" data-id=\"f3beaef\" data-element_type=\"widget\" data-e-type=\"widget\" data-settings=\"{&quot;navigation&quot;:&quot;arrows&quot;,&quot;transition&quot;:&quot;fade&quot;,&quot;autoplay&quot;:&quot;yes&quot;,&quot;pause_on_hover&quot;:&quot;yes&quot;,&quot;pause_on_interaction&quot;:&quot;yes&quot;,&quot;autoplay_speed&quot;:5000,&quot;infinite&quot;:&quot;yes&quot;,&quot;transition_speed&quot;:500}\" data-widget_type=\"slides.default\">\n\t\t\t\t<div class=\"elementor-widget-container\">\n\t\t\t\t\t\t\t\t\t<div class=\"elementor-swiper\">\n\t\t\t\t\t<div class=\"elementor-slides-wrapper elementor-main-swiper swiper\" role=\"region\" aria-roledescription=\"carousel\" aria-label=\"Diapositives\" dir=\"ltr\" data-animation=\"\">\n\t\t\t\t<div class=\"swiper-wrapper elementor-slides\">\n\t\t\t\t\t\t\t\t\t\t<div class=\"elementor-repeater-item-6011494 swiper-slide\" role=\"group\" aria-roledescription=\"slide\"><div class=\"swiper-slide-bg\" role=\"img\" aria-label=\"condo building decorated with stylish wood panels\"><\/div><div class=\"elementor-background-overlay\"><\/div><div class=\"swiper-slide-inner\" ><div class=\"swiper-slide-contents\"><h1 class=\"elementor-slide-heading\">Property Management Montreal<\/h1><\/div><\/div><\/div>\t\t\t\t<\/div>\n\t\t\t\t\t\t\t<\/div>\n\t\t\t\t<\/div>\n\t\t\t\t\t\t\t\t<\/div>\n\t\t\t\t<\/div>\n\t\t\t\t<\/div>\n\t\t<div class=\"elementor-element elementor-element-5fc2cd6 e-flex e-con-boxed e-con e-parent\" data-id=\"5fc2cd6\" data-element_type=\"container\" data-e-type=\"container\">\n\t\t\t\t\t<div class=\"e-con-inner\">\n\t\t<div class=\"elementor-element elementor-element-1144e65 e-con-full e-flex e-con e-child\" data-id=\"1144e65\" data-element_type=\"container\" data-e-type=\"container\">\n\t\t\t\t<div class=\"elementor-element elementor-element-392051d elementor-widget elementor-widget-text-editor\" data-id=\"392051d\" data-element_type=\"widget\" data-e-type=\"widget\" data-widget_type=\"text-editor.default\">\n\t\t\t\t<div class=\"elementor-widget-container\">\n\t\t\t\t\t\t\t\t\t<img fetchpriority=\"high\" decoding=\"async\" class=\"alignnone wp-image-219 size-large\" src=\"https:\/\/deluxco.ca\/wp-content\/uploads\/2024\/02\/seyi-ariyo-XCCAVA3BjhM-unsplash-681x1024.jpg\" alt=\"property management montreal\" width=\"681\" height=\"1024\" srcset=\"https:\/\/deluxco.ca\/wp-content\/uploads\/2024\/02\/seyi-ariyo-XCCAVA3BjhM-unsplash-681x1024.jpg 681w, https:\/\/deluxco.ca\/wp-content\/uploads\/2024\/02\/seyi-ariyo-XCCAVA3BjhM-unsplash-200x300.jpg 200w, https:\/\/deluxco.ca\/wp-content\/uploads\/2024\/02\/seyi-ariyo-XCCAVA3BjhM-unsplash-768x1155.jpg 768w, https:\/\/deluxco.ca\/wp-content\/uploads\/2024\/02\/seyi-ariyo-XCCAVA3BjhM-unsplash-1022x1536.jpg 1022w, https:\/\/deluxco.ca\/wp-content\/uploads\/2024\/02\/seyi-ariyo-XCCAVA3BjhM-unsplash.jpg 1277w\" sizes=\"(max-width: 681px) 100vw, 681px\" \/>\t\t\t\t\t\t\t\t<\/div>\n\t\t\t\t<\/div>\n\t\t\t\t<\/div>\n\t\t<div class=\"elementor-element elementor-element-35f8f8f e-con-full e-flex e-con e-child\" data-id=\"35f8f8f\" data-element_type=\"container\" data-e-type=\"container\">\n\t\t\t\t<div class=\"elementor-element elementor-element-a914d4c elementor-widget elementor-widget-spacer\" data-id=\"a914d4c\" data-element_type=\"widget\" data-e-type=\"widget\" data-widget_type=\"spacer.default\">\n\t\t\t\t<div class=\"elementor-widget-container\">\n\t\t\t\t\t\t\t<div class=\"elementor-spacer\">\n\t\t\t<div class=\"elementor-spacer-inner\"><\/div>\n\t\t<\/div>\n\t\t\t\t\t\t<\/div>\n\t\t\t\t<\/div>\n\t\t\t\t<div class=\"elementor-element elementor-element-8bd0fb1 elementor-widget elementor-widget-heading\" data-id=\"8bd0fb1\" data-element_type=\"widget\" data-e-type=\"widget\" data-widget_type=\"heading.default\">\n\t\t\t\t<div class=\"elementor-widget-container\">\n\t\t\t\t\t<h2 class=\"elementor-heading-title elementor-size-default\">Welcome to Deluxco<\/h2>\t\t\t\t<\/div>\n\t\t\t\t<\/div>\n\t\t\t\t<div class=\"elementor-element elementor-element-4261a7a elementor-widget elementor-widget-heading\" data-id=\"4261a7a\" data-element_type=\"widget\" data-e-type=\"widget\" data-widget_type=\"heading.default\">\n\t\t\t\t<div class=\"elementor-widget-container\">\n\t\t\t\t\t<h2 class=\"elementor-heading-title elementor-size-default\">your property manager<\/h2>\t\t\t\t<\/div>\n\t\t\t\t<\/div>\n\t\t\t\t<div class=\"elementor-element elementor-element-a5d5322 elementor-widget__width-initial elementor-widget elementor-widget-text-editor\" data-id=\"a5d5322\" data-element_type=\"widget\" data-e-type=\"widget\" data-widget_type=\"text-editor.default\">\n\t\t\t\t<div class=\"elementor-widget-container\">\n\t\t\t\t\t\t\t\t\t<p>Do you own property in Montreal and are looking for reliable and professional <strong>property management<\/strong>? <span style=\"color: #333333;\"><a style=\"color: #333333;\" href=\"https:\/\/deluxco.ca\/en\/\" target=\"_blank\" rel=\"noopener\">Deluxco<\/a><\/span> is your trusted partner on the Island of Montreal for comprehensive and personalised management. With our expertise, we offer a wide range of services to meet all your property management needs.<\/p><p>Whether you own an <strong>income property<\/strong> or a <strong>condominium<\/strong>, our dedicated team ensures rigorous and transparent management of your investment. Discover how Deluxco can simplify your daily life and maximise the profitability of your property in Montreal.<\/p>\t\t\t\t\t\t\t\t<\/div>\n\t\t\t\t<\/div>\n\t\t\t\t<div class=\"elementor-element elementor-element-ddad993 elementor-align-left elementor-mobile-align-left elementor-widget elementor-widget-button\" data-id=\"ddad993\" data-element_type=\"widget\" data-e-type=\"widget\" data-widget_type=\"button.default\">\n\t\t\t\t<div class=\"elementor-widget-container\">\n\t\t\t\t\t\t\t\t\t<div class=\"elementor-button-wrapper\">\n\t\t\t\t\t<a class=\"elementor-button elementor-button-link elementor-size-sm\" href=\"#contact\">\n\t\t\t\t\t\t<span class=\"elementor-button-content-wrapper\">\n\t\t\t\t\t\t\t\t\t<span class=\"elementor-button-text\">Contact us<\/span>\n\t\t\t\t\t<\/span>\n\t\t\t\t\t<\/a>\n\t\t\t\t<\/div>\n\t\t\t\t\t\t\t\t<\/div>\n\t\t\t\t<\/div>\n\t\t\t\t<\/div>\n\t\t\t\t\t<\/div>\n\t\t\t\t<\/div>\n\t\t<div class=\"elementor-element elementor-element-e281602 e-flex e-con-boxed e-con e-parent\" data-id=\"e281602\" data-element_type=\"container\" data-e-type=\"container\" data-settings=\"{&quot;background_background&quot;:&quot;classic&quot;}\">\n\t\t\t\t\t<div class=\"e-con-inner\">\n\t\t<div class=\"elementor-element elementor-element-45d0d4b e-con-full e-flex e-con e-child\" data-id=\"45d0d4b\" data-element_type=\"container\" data-e-type=\"container\">\n\t\t\t\t<div class=\"elementor-element elementor-element-35ab719 elementor-widget elementor-widget-text-editor\" data-id=\"35ab719\" data-element_type=\"widget\" data-e-type=\"widget\" data-widget_type=\"text-editor.default\">\n\t\t\t\t<div class=\"elementor-widget-container\">\n\t\t\t\t\t\t\t\t\t<h6>PROPERTY MANAGEMENT MONTREAL<\/h6>\t\t\t\t\t\t\t\t<\/div>\n\t\t\t\t<\/div>\n\t\t\t\t<div class=\"elementor-element elementor-element-af26481 elementor-widget elementor-widget-heading\" data-id=\"af26481\" data-element_type=\"widget\" data-e-type=\"widget\" data-widget_type=\"heading.default\">\n\t\t\t\t<div class=\"elementor-widget-container\">\n\t\t\t\t\t<h2 class=\"elementor-heading-title elementor-size-default\">EFFECTIVE PROPERTY MANAGEMENT IN MONTREAL<\/h2>\t\t\t\t<\/div>\n\t\t\t\t<\/div>\n\t\t\t\t<div class=\"elementor-element elementor-element-932a6ff elementor-widget-divider--view-line elementor-widget elementor-widget-divider\" data-id=\"932a6ff\" data-element_type=\"widget\" data-e-type=\"widget\" data-widget_type=\"divider.default\">\n\t\t\t\t<div class=\"elementor-widget-container\">\n\t\t\t\t\t\t\t<div class=\"elementor-divider\">\n\t\t\t<span class=\"elementor-divider-separator\">\n\t\t\t\t\t\t<\/span>\n\t\t<\/div>\n\t\t\t\t\t\t<\/div>\n\t\t\t\t<\/div>\n\t\t\t\t<div class=\"elementor-element elementor-element-eda1109 elementor-widget elementor-widget-text-editor\" data-id=\"eda1109\" data-element_type=\"widget\" data-e-type=\"widget\" data-widget_type=\"text-editor.default\">\n\t\t\t\t<div class=\"elementor-widget-container\">\n\t\t\t\t\t\t\t\t\t<p>Managing condominiums requires special expertise and in-depth knowledge of the regulations in force in <span style=\"color: #333333;\"><a style=\"color: #333333;\" href=\"https:\/\/www.google.com\/maps\/place\/montreal\/data=!4m2!3m1!1s0x4cc91a541c64b70d:0x654e3138211fefef?sa=X&amp;ved=1t:155783&amp;ictx=111\" target=\"_blank\" rel=\"noopener\">Montreal<\/a><\/span>.<\/p><p>At <span style=\"color: #333333;\"><a style=\"color: #333333;\" href=\"https:\/\/deluxco.ca\/en\/\">Deluxco<\/a><\/span>, we are experienced condominium managers on the Island of Montreal, offering tailor-made solutions to ensure the smooth operation and enhancement of your condominium building.<\/p><p>From administrative and financial management to maintenance of common areas and communication with co-owners, our team handles all aspects of condominium management in Montreal. Trust Deluxco for transparent and efficient management of your condominium.<\/p>\t\t\t\t\t\t\t\t<\/div>\n\t\t\t\t<\/div>\n\t\t\t\t<\/div>\n\t\t<div class=\"elementor-element elementor-element-fe3cb93 e-con-full e-flex e-con e-child\" data-id=\"fe3cb93\" data-element_type=\"container\" data-e-type=\"container\">\n\t\t<div class=\"elementor-element elementor-element-73a6379 e-flex e-con-boxed e-con e-child\" data-id=\"73a6379\" data-element_type=\"container\" data-e-type=\"container\" data-settings=\"{&quot;background_background&quot;:&quot;classic&quot;}\">\n\t\t\t\t\t<div class=\"e-con-inner\">\n\t\t\t\t<div class=\"elementor-element elementor-element-e83e5e6 elementor-widget elementor-widget-spacer\" data-id=\"e83e5e6\" data-element_type=\"widget\" data-e-type=\"widget\" data-widget_type=\"spacer.default\">\n\t\t\t\t<div class=\"elementor-widget-container\">\n\t\t\t\t\t\t\t<div class=\"elementor-spacer\">\n\t\t\t<div class=\"elementor-spacer-inner\"><\/div>\n\t\t<\/div>\n\t\t\t\t\t\t<\/div>\n\t\t\t\t<\/div>\n\t\t\t\t\t<\/div>\n\t\t\t\t<\/div>\n\t\t<div class=\"elementor-element elementor-element-daa9f05 e-flex e-con-boxed e-con e-child\" data-id=\"daa9f05\" data-element_type=\"container\" data-e-type=\"container\" data-settings=\"{&quot;background_background&quot;:&quot;classic&quot;}\">\n\t\t\t\t\t<div class=\"e-con-inner\">\n\t\t\t\t<div class=\"elementor-element elementor-element-3467c02 elementor-widget elementor-widget-spacer\" data-id=\"3467c02\" data-element_type=\"widget\" data-e-type=\"widget\" data-widget_type=\"spacer.default\">\n\t\t\t\t<div class=\"elementor-widget-container\">\n\t\t\t\t\t\t\t<div class=\"elementor-spacer\">\n\t\t\t<div class=\"elementor-spacer-inner\"><\/div>\n\t\t<\/div>\n\t\t\t\t\t\t<\/div>\n\t\t\t\t<\/div>\n\t\t\t\t\t<\/div>\n\t\t\t\t<\/div>\n\t\t\t\t<\/div>\n\t\t\t\t\t<\/div>\n\t\t\t\t<\/div>\n\t\t<div class=\"elementor-element elementor-element-9564ef3 e-flex e-con-boxed e-con e-parent\" data-id=\"9564ef3\" data-element_type=\"container\" data-e-type=\"container\" data-settings=\"{&quot;background_background&quot;:&quot;classic&quot;}\">\n\t\t\t\t\t<div class=\"e-con-inner\">\n\t\t<div class=\"elementor-element elementor-element-66fe370 e-con-full e-flex e-con e-child\" data-id=\"66fe370\" data-element_type=\"container\" data-e-type=\"container\">\n\t\t\t\t<\/div>\n\t\t<div class=\"elementor-element elementor-element-b6df468 e-con-full e-flex e-con e-child\" data-id=\"b6df468\" data-element_type=\"container\" data-e-type=\"container\">\n\t\t\t\t<\/div>\n\t\t<div class=\"elementor-element elementor-element-3d7dcdd e-con-full e-flex e-con e-child\" data-id=\"3d7dcdd\" data-element_type=\"container\" data-e-type=\"container\">\n\t\t\t\t<\/div>\n\t\t<div class=\"elementor-element elementor-element-565a27b e-con-full e-flex e-con e-child\" data-id=\"565a27b\" data-element_type=\"container\" data-e-type=\"container\">\n\t\t\t\t<\/div>\n\t\t\t\t\t<\/div>\n\t\t\t\t<\/div>\n\t\t<div class=\"elementor-element elementor-element-8255e71 e-flex e-con-boxed e-con e-parent\" data-id=\"8255e71\" data-element_type=\"container\" data-e-type=\"container\" data-settings=\"{&quot;background_background&quot;:&quot;classic&quot;}\">\n\t\t\t\t\t<div class=\"e-con-inner\">\n\t\t\t\t<div class=\"elementor-element elementor-element-782ffc8 elementor-widget elementor-widget-text-editor\" data-id=\"782ffc8\" data-element_type=\"widget\" data-e-type=\"widget\" data-widget_type=\"text-editor.default\">\n\t\t\t\t<div class=\"elementor-widget-container\">\n\t\t\t\t\t\t\t\t\t<h6 style=\"text-align: center;\">PROPERTY MANAGEMENT MONTREAL<\/h6>\t\t\t\t\t\t\t\t<\/div>\n\t\t\t\t<\/div>\n\t\t\t\t<div class=\"elementor-element elementor-element-c9ee94a elementor-widget elementor-widget-heading\" data-id=\"c9ee94a\" data-element_type=\"widget\" data-e-type=\"widget\" data-widget_type=\"heading.default\">\n\t\t\t\t<div class=\"elementor-widget-container\">\n\t\t\t\t\t<h2 class=\"elementor-heading-title elementor-size-default\">why choose Deluxco?<\/h2>\t\t\t\t<\/div>\n\t\t\t\t<\/div>\n\t\t\t\t<div class=\"elementor-element elementor-element-2a0cc1c elementor-widget-divider--view-line elementor-widget elementor-widget-divider\" data-id=\"2a0cc1c\" data-element_type=\"widget\" data-e-type=\"widget\" data-widget_type=\"divider.default\">\n\t\t\t\t<div class=\"elementor-widget-container\">\n\t\t\t\t\t\t\t<div class=\"elementor-divider\">\n\t\t\t<span class=\"elementor-divider-separator\">\n\t\t\t\t\t\t<\/span>\n\t\t<\/div>\n\t\t\t\t\t\t<\/div>\n\t\t\t\t<\/div>\n\t\t\t\t<div class=\"elementor-element elementor-element-d2a616f elementor-widget elementor-widget-text-editor\" data-id=\"d2a616f\" data-element_type=\"widget\" data-e-type=\"widget\" data-widget_type=\"text-editor.default\">\n\t\t\t\t<div class=\"elementor-widget-container\">\n\t\t\t\t\t\t\t\t\t<p>Choosing Deluxco for <strong>property management in Montreal<\/strong> means choosing peace of mind and performance. As specialists in property management on the Island of Montreal, we are committed to providing you with superior service tailored to your specific needs. Our expertise in condominium management is also a major asset for condo owners in Montreal. Enjoy numerous benefits by entrusting us with the management of your property:   <\/p><p> <\/p><ul><li style=\"text-align: left;\"><strong>Peace of mind:<\/strong> Delegate complex and time-consuming property management tasks to skilled professionals.<\/li><li style=\"text-align: left;\"><strong>Local expertise: <\/strong>Take advantage of our in-depth knowledge of the real estate market in Montreal and the surrounding area.<\/li><li style=\"text-align: left;\"><strong>Comprehensive management:<\/strong> We take care of all aspects of property management in Montreal, from finding tenants to maintenance.<\/li><li style=\"text-align: left;\"><strong>Profitability optimisation:<\/strong> Our goal is to maximise your rental income while minimising costs.<\/li><li style=\"text-align: left;\"><strong>Expert condominium management:<\/strong> For condo owners, our expertise in condominium management ensures the smooth running of your building.<\/li><li style=\"text-align: left;\"><strong>Network of professionals: <\/strong>Access our network of reliable and <span style=\"color: #808080;\"><a style=\"color: #808080;\" href=\"https:\/\/deluxco.ca\/en\/all-partners\/\">qualified suppliers and partners<\/a><\/span> for all your maintenance and repair needs.<\/li><li style=\"text-align: left;\"><strong>Proactive approach:<\/strong> We anticipate problems and implement effective solutions for hassle-free management.<\/li><\/ul><p><br>Contactez-nous d\u00e8s aujourd&#8217;hui pour discuter de vos besoins en mati\u00e8re de gestion immobili\u00e8re \u00e0 Montr\u00e9al et d\u00e9couvrez comment Deluxco peut faire la diff\u00e9rence.<\/p>\t\t\t\t\t\t\t\t<\/div>\n\t\t\t\t<\/div>\n\t\t\t\t\t<\/div>\n\t\t\t\t<\/div>\n\t\t\t\t<\/div>\n\t\t","protected":false},"excerpt":{"rendered":"<p>Property Management Montreal Welcome to Deluxco your property manager Do you own property in Montreal and are looking for reliable and professional property management? Deluxco is your trusted partner on the Island of Montreal for comprehensive and personalised management. With our expertise, we offer a wide range of services to meet all your property management [&hellip;]<\/p>\n","protected":false},"author":1,"featured_media":0,"parent":0,"menu_order":0,"comment_status":"closed","ping_status":"closed","template":"","meta":{"footnotes":""},"class_list":["post-1116","page","type-page","status-publish","hentry"],"_links":{"self":[{"href":"https:\/\/deluxco.ca\/en\/wp-json\/wp\/v2\/pages\/1116","targetHints":{"allow":["GET"]}}],"collection":[{"href":"https:\/\/deluxco.ca\/en\/wp-json\/wp\/v2\/pages"}],"about":[{"href":"https:\/\/deluxco.ca\/en\/wp-json\/wp\/v2\/types\/page"}],"author":[{"embeddable":true,"href":"https:\/\/deluxco.ca\/en\/wp-json\/wp\/v2\/users\/1"}],"replies":[{"embeddable":true,"href":"https:\/\/deluxco.ca\/en\/wp-json\/wp\/v2\/comments?post=1116"}],"version-history":[{"count":9,"href":"https:\/\/deluxco.ca\/en\/wp-json\/wp\/v2\/pages\/1116\/revisions"}],"predecessor-version":[{"id":1579,"href":"https:\/\/deluxco.ca\/en\/wp-json\/wp\/v2\/pages\/1116\/revisions\/1579"}],"wp:attachment":[{"href":"https:\/\/deluxco.ca\/en\/wp-json\/wp\/v2\/media?parent=1116"}],"curies":[{"name":"wp","href":"https:\/\/api.w.org\/{rel}","templated":true}]}}